{"id":118,"date":"2021-01-04T17:00:12","date_gmt":"2021-01-04T17:00:12","guid":{"rendered":"http:\/\/inyourtoybox.com\/?post_type=product&#038;p=118"},"modified":"2021-02-14T17:02:12","modified_gmt":"2021-02-14T17:02:12","slug":"pop-vinyl-25cm-pokemon-pikachu","status":"publish","type":"product","link":"https:\/\/inyourtoybox.com\/index.php\/product\/pop-vinyl-25cm-pokemon-pikachu\/","title":{"rendered":"Funko Pop! Vinyl: <br>25cm Pok\u00e9mon Pikachu"},"content":{"rendered":"","protected":false},"excerpt":{"rendered":"<h3 class=\"margn-top-none-md\">Product Description<\/h3>\n<p>Catch \u2018em all with POP! Vinyl Pok\u00e9mon. This super-sized 25cm Pikachu figure is perfect for fans and collectors. Reimagined in Funko Pop! style, this Pikachu figure features the Pok\u00e9mon\u2019s iconic red cheeks and lightning bolt tail. The expressive character design makes this Pok\u00e9mon Pikachu figure a great addition to your Pok\u00e9mon collection.<\/p>\n<h3 class=\"margn-top-none-md\">Features<\/h3>\n<ul>\n<li class=\"font-regular\">Contents: Pop! Vinyl 25cm Pikachu figure<\/li>\n<li class=\"font-regular\">Perfect for any fans or collectors<\/li>\n<li class=\"font-regular\">Super-sized Pok\u00e9mon figure<\/li>\n<li class=\"font-regular\">Packed in an illustrated window box<\/li>\n<li class=\"font-regular\">Collectible for play and display<\/li>\n<\/ul>\n","protected":false},"featured_media":119,"template":"","meta":[],"product_brand":[],"product_cat":[16],"product_tag":[120,52,54,53,20],"class_list":{"0":"post-118","1":"product","2":"type-product","3":"status-publish","4":"has-post-thumbnail","6":"product_cat-pop-vinyl","7":"product_tag-funko","8":"product_tag-games","9":"product_tag-pikachu","10":"product_tag-pokemon","11":"product_tag-pop-vinyl","12":"product_shipping_class-pop","14":"first","15":"instock","16":"shipping-taxable","17":"purchasable","18":"product-type-simple"},"yoast_head":"<!-- This site is optimized with the Yoast SEO plugin v26.1.1 - https:\/\/yoast.com\/wordpress\/plugins\/seo\/ -->\n<title>Funko Pop! Vinyl: 25cm Pok\u00e9mon Pikachu - In Your Toy Box<\/title>\n<meta name=\"robots\" content=\"index, follow, max-snippet:-1, max-image-preview:large, max-video-preview:-1\" \/>\n<link rel=\"canonical\" href=\"https:\/\/inyourtoybox.com\/index.php\/product\/pop-vinyl-25cm-pokemon-pikachu\/\" \/>\n<meta property=\"og:locale\" content=\"en_US\" \/>\n<meta property=\"og:type\" content=\"article\" \/>\n<meta property=\"og:title\" content=\"Funko Pop! Vinyl: 25cm Pok\u00e9mon Pikachu - In Your Toy Box\" \/>\n<meta property=\"og:description\" content=\"Product Description Catch \u2018em all with POP! Vinyl Pok\u00e9mon. This super-sized 25cm Pikachu figure is perfect for fans and collectors. Reimagined in Funko Pop! style, this Pikachu figure features the Pok\u00e9mon\u2019s iconic red cheeks and lightning bolt tail. The expressive character design makes this Pok\u00e9mon Pikachu figure a great addition to your Pok\u00e9mon collection. Features   Contents: Pop! Vinyl 25cm Pikachu figure  Perfect for any fans or collectors  Super-sized Pok\u00e9mon figure  Packed in an illustrated window box  Collectible for play and display\" \/>\n<meta property=\"og:url\" content=\"https:\/\/inyourtoybox.com\/index.php\/product\/pop-vinyl-25cm-pokemon-pikachu\/\" \/>\n<meta property=\"og:site_name\" content=\"In Your Toy Box\" \/>\n<meta property=\"article:modified_time\" content=\"2021-02-14T17:02:12+00:00\" \/>\n<meta property=\"og:image\" content=\"https:\/\/inyourtoybox.com\/wp-content\/uploads\/2021\/01\/191656.jpg\" \/>\n\t<meta property=\"og:image:width\" content=\"600\" \/>\n\t<meta property=\"og:image:height\" content=\"600\" \/>\n\t<meta property=\"og:image:type\" content=\"image\/jpeg\" \/>\n<meta name=\"twitter:card\" content=\"summary_large_image\" \/>\n<script type=\"application\/ld+json\" class=\"yoast-schema-graph\">{\"@context\":\"https:\/\/schema.org\",\"@graph\":[{\"@type\":\"WebPage\",\"@id\":\"https:\/\/inyourtoybox.com\/index.php\/product\/pop-vinyl-25cm-pokemon-pikachu\/\",\"url\":\"https:\/\/inyourtoybox.com\/index.php\/product\/pop-vinyl-25cm-pokemon-pikachu\/\",\"name\":\"Funko Pop! Vinyl: 25cm Pok\u00e9mon Pikachu - In Your Toy Box\",\"isPartOf\":{\"@id\":\"https:\/\/inyourtoybox.com\/#website\"},\"primaryImageOfPage\":{\"@id\":\"https:\/\/inyourtoybox.com\/index.php\/product\/pop-vinyl-25cm-pokemon-pikachu\/#primaryimage\"},\"image\":{\"@id\":\"https:\/\/inyourtoybox.com\/index.php\/product\/pop-vinyl-25cm-pokemon-pikachu\/#primaryimage\"},\"thumbnailUrl\":\"https:\/\/inyourtoybox.com\/wp-content\/uploads\/2021\/01\/191656.jpg\",\"datePublished\":\"2021-01-04T17:00:12+00:00\",\"dateModified\":\"2021-02-14T17:02:12+00:00\",\"breadcrumb\":{\"@id\":\"https:\/\/inyourtoybox.com\/index.php\/product\/pop-vinyl-25cm-pokemon-pikachu\/#breadcrumb\"},\"inLanguage\":\"en-US\",\"potentialAction\":[{\"@type\":\"ReadAction\",\"target\":[\"https:\/\/inyourtoybox.com\/index.php\/product\/pop-vinyl-25cm-pokemon-pikachu\/\"]}]},{\"@type\":\"ImageObject\",\"inLanguage\":\"en-US\",\"@id\":\"https:\/\/inyourtoybox.com\/index.php\/product\/pop-vinyl-25cm-pokemon-pikachu\/#primaryimage\",\"url\":\"https:\/\/inyourtoybox.com\/wp-content\/uploads\/2021\/01\/191656.jpg\",\"contentUrl\":\"https:\/\/inyourtoybox.com\/wp-content\/uploads\/2021\/01\/191656.jpg\",\"width\":600,\"height\":600},{\"@type\":\"BreadcrumbList\",\"@id\":\"https:\/\/inyourtoybox.com\/index.php\/product\/pop-vinyl-25cm-pokemon-pikachu\/#breadcrumb\",\"itemListElement\":[{\"@type\":\"ListItem\",\"position\":1,\"name\":\"Home\",\"item\":\"https:\/\/inyourtoybox.com\/\"},{\"@type\":\"ListItem\",\"position\":2,\"name\":\"Store\",\"item\":\"https:\/\/inyourtoybox.com\/\"},{\"@type\":\"ListItem\",\"position\":3,\"name\":\"Funko Pop! Vinyl: 25cm Pok\u00e9mon Pikachu\"}]},{\"@type\":\"WebSite\",\"@id\":\"https:\/\/inyourtoybox.com\/#website\",\"url\":\"https:\/\/inyourtoybox.com\/\",\"name\":\"In Your Toy Box\",\"description\":\"You&#039;re Never Too Old To Put Things...\",\"potentialAction\":[{\"@type\":\"SearchAction\",\"target\":{\"@type\":\"EntryPoint\",\"urlTemplate\":\"https:\/\/inyourtoybox.com\/?s={search_term_string}\"},\"query-input\":{\"@type\":\"PropertyValueSpecification\",\"valueRequired\":true,\"valueName\":\"search_term_string\"}}],\"inLanguage\":\"en-US\"}]}<\/script>\n<!-- \/ Yoast SEO plugin. -->","yoast_head_json":{"title":"Funko Pop! Vinyl: 25cm Pok\u00e9mon Pikachu - In Your Toy Box","robots":{"index":"index","follow":"follow","max-snippet":"max-snippet:-1","max-image-preview":"max-image-preview:large","max-video-preview":"max-video-preview:-1"},"canonical":"https:\/\/inyourtoybox.com\/index.php\/product\/pop-vinyl-25cm-pokemon-pikachu\/","og_locale":"en_US","og_type":"article","og_title":"Funko Pop! Vinyl: 25cm Pok\u00e9mon Pikachu - In Your Toy Box","og_description":"Product Description Catch \u2018em all with POP! Vinyl Pok\u00e9mon. This super-sized 25cm Pikachu figure is perfect for fans and collectors. Reimagined in Funko Pop! style, this Pikachu figure features the Pok\u00e9mon\u2019s iconic red cheeks and lightning bolt tail. The expressive character design makes this Pok\u00e9mon Pikachu figure a great addition to your Pok\u00e9mon collection. Features   Contents: Pop! Vinyl 25cm Pikachu figure  Perfect for any fans or collectors  Super-sized Pok\u00e9mon figure  Packed in an illustrated window box  Collectible for play and display","og_url":"https:\/\/inyourtoybox.com\/index.php\/product\/pop-vinyl-25cm-pokemon-pikachu\/","og_site_name":"In Your Toy Box","article_modified_time":"2021-02-14T17:02:12+00:00","og_image":[{"width":600,"height":600,"url":"https:\/\/inyourtoybox.com\/wp-content\/uploads\/2021\/01\/191656.jpg","type":"image\/jpeg"}],"twitter_card":"summary_large_image","schema":{"@context":"https:\/\/schema.org","@graph":[{"@type":"WebPage","@id":"https:\/\/inyourtoybox.com\/index.php\/product\/pop-vinyl-25cm-pokemon-pikachu\/","url":"https:\/\/inyourtoybox.com\/index.php\/product\/pop-vinyl-25cm-pokemon-pikachu\/","name":"Funko Pop! Vinyl: 25cm Pok\u00e9mon Pikachu - In Your Toy Box","isPartOf":{"@id":"https:\/\/inyourtoybox.com\/#website"},"primaryImageOfPage":{"@id":"https:\/\/inyourtoybox.com\/index.php\/product\/pop-vinyl-25cm-pokemon-pikachu\/#primaryimage"},"image":{"@id":"https:\/\/inyourtoybox.com\/index.php\/product\/pop-vinyl-25cm-pokemon-pikachu\/#primaryimage"},"thumbnailUrl":"https:\/\/inyourtoybox.com\/wp-content\/uploads\/2021\/01\/191656.jpg","datePublished":"2021-01-04T17:00:12+00:00","dateModified":"2021-02-14T17:02:12+00:00","breadcrumb":{"@id":"https:\/\/inyourtoybox.com\/index.php\/product\/pop-vinyl-25cm-pokemon-pikachu\/#breadcrumb"},"inLanguage":"en-US","potentialAction":[{"@type":"ReadAction","target":["https:\/\/inyourtoybox.com\/index.php\/product\/pop-vinyl-25cm-pokemon-pikachu\/"]}]},{"@type":"ImageObject","inLanguage":"en-US","@id":"https:\/\/inyourtoybox.com\/index.php\/product\/pop-vinyl-25cm-pokemon-pikachu\/#primaryimage","url":"https:\/\/inyourtoybox.com\/wp-content\/uploads\/2021\/01\/191656.jpg","contentUrl":"https:\/\/inyourtoybox.com\/wp-content\/uploads\/2021\/01\/191656.jpg","width":600,"height":600},{"@type":"BreadcrumbList","@id":"https:\/\/inyourtoybox.com\/index.php\/product\/pop-vinyl-25cm-pokemon-pikachu\/#breadcrumb","itemListElement":[{"@type":"ListItem","position":1,"name":"Home","item":"https:\/\/inyourtoybox.com\/"},{"@type":"ListItem","position":2,"name":"Store","item":"https:\/\/inyourtoybox.com\/"},{"@type":"ListItem","position":3,"name":"Funko Pop! Vinyl: 25cm Pok\u00e9mon Pikachu"}]},{"@type":"WebSite","@id":"https:\/\/inyourtoybox.com\/#website","url":"https:\/\/inyourtoybox.com\/","name":"In Your Toy Box","description":"You&#039;re Never Too Old To Put Things...","potentialAction":[{"@type":"SearchAction","target":{"@type":"EntryPoint","urlTemplate":"https:\/\/inyourtoybox.com\/?s={search_term_string}"},"query-input":{"@type":"PropertyValueSpecification","valueRequired":true,"valueName":"search_term_string"}}],"inLanguage":"en-US"}]}},"jetpack_sharing_enabled":true,"_links":{"self":[{"href":"https:\/\/inyourtoybox.com\/index.php\/wp-json\/wp\/v2\/product\/118","targetHints":{"allow":["GET"]}}],"collection":[{"href":"https:\/\/inyourtoybox.com\/index.php\/wp-json\/wp\/v2\/product"}],"about":[{"href":"https:\/\/inyourtoybox.com\/index.php\/wp-json\/wp\/v2\/types\/product"}],"wp:featuredmedia":[{"embeddable":true,"href":"https:\/\/inyourtoybox.com\/index.php\/wp-json\/wp\/v2\/media\/119"}],"wp:attachment":[{"href":"https:\/\/inyourtoybox.com\/index.php\/wp-json\/wp\/v2\/media?parent=118"}],"wp:term":[{"taxonomy":"product_brand","embeddable":true,"href":"https:\/\/inyourtoybox.com\/index.php\/wp-json\/wp\/v2\/product_brand?post=118"},{"taxonomy":"product_cat","embeddable":true,"href":"https:\/\/inyourtoybox.com\/index.php\/wp-json\/wp\/v2\/product_cat?post=118"},{"taxonomy":"product_tag","embeddable":true,"href":"https:\/\/inyourtoybox.com\/index.php\/wp-json\/wp\/v2\/product_tag?post=118"}],"curies":[{"name":"wp","href":"https:\/\/api.w.org\/{rel}","templated":true}]}}